{"id":88,"date":"2024-11-02T17:41:26","date_gmt":"2024-11-02T16:41:26","guid":{"rendered":"http:\/\/socialmediagroup.fr\/index.php\/front_page\/"},"modified":"2025-01-21T21:42:14","modified_gmt":"2025-01-21T20:42:14","slug":"front_page","status":"publish","type":"page","link":"https:\/\/socialmediagroup.fr\/","title":{"rendered":"Home"},"content":{"rendered":"\nNos comp\u00e9tences\n\nSocial media STUDIO est une agence de production cr\u00e9ative et d&#8217;achat d&#8217;art qui fait partie du social media group. Bas\u00e9e \u00e0 Paris et soutenue par des \u00e9quipes cr\u00e9atives dans le monde entier, nous assistons nos clients dans la production d&#8217;images fixes, anim\u00e9es et de contenu num\u00e9rique pour faire de leurs visions une r\u00e9alit\u00e9.\n\nNous sommes fiers de travailler en \u00e9troite collaboration avec nos clients des secteurs de la mode, du luxe et de la beaut\u00e9 pour cr\u00e9er des contenus exceptionnels et percutants. Nous apportons une touche artistique et humaine \u00e0 chaque collaboration, quelle que soit la nature du projet, en veillant \u00e0 ce que chaque d\u00e9tail mette en valeur notre vision unique.\n\n\n\nAbout us\nSocial Media Group (MLSMG) Is the agency to help You on the french market\n\nRead more\n\n\n\n\n\n\nOur team\n\n\n\nLorem ipsum dolor sit amet, at mei dolore tritani repudiandae. In his nemore temporibus consequuntur, vim ad prima vivendum consetetur.\n\n\n\n\n\n\n\nSamantha Doe\n\n\nLead Strategist\n\n\n\n\n\n\n\n\n\n\nOlivia Rodriguez\n\n\nFinancial Analyst\n\n\n\n\n\n\n\n\n\n\nMarcus Douglas\n\n\nSoftware Engineer\n\n\n\n\n\n\n\n\n\n\n\n\n\n\nWhat are you waiting for?\n\n\nReady to take the next step? Let&#8217;s bring your vision to life! Explore our services and get in touch today for a consultation. Together, we&#8217;ll make it happen.\n\n\n\n\n\nContact us\n\n\n\n\n\n\n\n\n\n\nOur Projects\n\n\n\nLorem ipsum dolor sit amet, at mei dolore tritani repudiandae. In his nemore temporibus consequuntur, vim ad prima vivendum consetetur.\n\n\n\n\n\n\n\n\n\n\n\n\n\n\n\n\n\n\n\n\n\nExplore Our Blog\n\n\n\n\n\nRead blog\n\n\n\n\n\n\n\n\n\n\n\n\n\n\n\nRead more\n\n\n\n\n\n\n\n\n\n\n\n\n\n\n\nOur Clients\n\n\n\n\n\n\n\n\n\n\n\n\n\n\n\n\n\n\n\n\n\n\n\n\n\n\n\n\n\n\n\n\n\n\n\n\nTestimonials\n\n\n\nLorem ipsum dolor sit amet, at mei dolore tritani repudiandae. In his nemore temporibus consequuntur, vim ad prima vivendum consetetur.\n\n\n\n\n\n\n\n\n\n\n\nLorem ipsum dolor sit amet, at mei dolore tritani repudiandae. In his nemore temporibus vim ad prima vivendum consetetur.\n\n\nJane Doe\n\n\n\n\n\n\n\n\n\nLorem ipsum dolor sit amet, at mei dolore tritani repudiandae. In his nemore temporibus vim ad prima vivendum consetetur.\n\n\nChristina Doe\n\n\n\n\n\n\n\n\n\nLorem ipsum dolor sit amet, at mei dolore tritani repudiandae. In his nemore temporibus vim ad prima vivendum consetetur.\n\n\nMichelle Smith\n\n\n\n\n\n\n\n\n\nContact us\n\n\n\nLorem ipsum dolor sit amet, at mei dolore tritani in his nemore temporibus consequuntur, vim ad prima vivendum consetetur. Viderer feugiat at pro, mea aperiam.\n\n\n\n425-334-5956\n\n\nyouremail@address.com\n\n\n4923 Ryder Avenue, Iceland\n\n\n\n\n\n\n\n","protected":false},"excerpt":{"rendered":"<p>Nos comp\u00e9tences Social media STUDIO est une agence de production cr\u00e9ative et d&#8217;achat d&#8217;art qui fait partie du social media group. Bas\u00e9e \u00e0 Paris et soutenue par des \u00e9quipes cr\u00e9atives dans le monde entier, nous assistons nos clients dans la production d&#8217;images fixes, anim\u00e9es et de contenu num\u00e9rique pour faire de leurs visions une r\u00e9alit\u00e9. Nous sommes fiers de travailler en \u00e9troite collaboration avec nos clients des secteurs de la mode, du luxe et de la beaut\u00e9 pour cr\u00e9er des contenus exceptionnels et percutants. Nous apportons une touche artistique et humaine \u00e0 chaque collaboration, quelle que soit la nature du projet, en veillant \u00e0 ce que chaque d\u00e9tail mette en valeur notre vision unique. About us Social Media Group (MLSMG) Is the agency to help You on the french market Read more<\/p>\n","protected":false},"author":1,"featured_media":0,"parent":0,"menu_order":0,"comment_status":"closed","ping_status":"closed","template":"","meta":{"footnotes":""},"class_list":["post-88","page","type-page","status-publish","hentry"],"blocksy_meta":[],"_links":{"self":[{"href":"https:\/\/socialmediagroup.fr\/index.php\/wp-json\/wp\/v2\/pages\/88","targetHints":{"allow":["GET"]}}],"collection":[{"href":"https:\/\/socialmediagroup.fr\/index.php\/wp-json\/wp\/v2\/pages"}],"about":[{"href":"https:\/\/socialmediagroup.fr\/index.php\/wp-json\/wp\/v2\/types\/page"}],"author":[{"embeddable":true,"href":"https:\/\/socialmediagroup.fr\/index.php\/wp-json\/wp\/v2\/users\/1"}],"replies":[{"embeddable":true,"href":"https:\/\/socialmediagroup.fr\/index.php\/wp-json\/wp\/v2\/comments?post=88"}],"version-history":[{"count":6,"href":"https:\/\/socialmediagroup.fr\/index.php\/wp-json\/wp\/v2\/pages\/88\/revisions"}],"predecessor-version":[{"id":147,"href":"https:\/\/socialmediagroup.fr\/index.php\/wp-json\/wp\/v2\/pages\/88\/revisions\/147"}],"wp:attachment":[{"href":"https:\/\/socialmediagroup.fr\/index.php\/wp-json\/wp\/v2\/media?parent=88"}],"curies":[{"name":"wp","href":"https:\/\/api.w.org\/{rel}","templated":true}]}}